{"id":1137,"date":"2021-07-05T14:05:53","date_gmt":"2021-07-05T12:05:53","guid":{"rendered":"https:\/\/www.pull-over-dubrovnik.com\/?page_id=1137"},"modified":"2021-07-05T14:12:31","modified_gmt":"2021-07-05T12:12:31","slug":"rezervacija","status":"publish","type":"page","link":"https:\/\/www.pull-over-dubrovnik.com\/hr\/rezervacija\/","title":{"rendered":"Rezervacija"},"content":{"rendered":"\t\t<div data-elementor-type=\"wp-page\" data-elementor-id=\"1137\" class=\"elementor elementor-1137 elementor-160\">\n\t\t\t\t\t\t<section class=\"elementor-section elementor-top-section elementor-element elementor-element-33af0c3 elementor-section-full_width small-pad-b no-pad-t elementor-section-height-default elementor-section-height-default parallax_section_no qode_elementor_container_no qode-content-aligment-left\" data-id=\"33af0c3\" data-element_type=\"section\">\n\t\t\t\t\t\t<div class=\"elementor-container elementor-column-gap-default\">\n\t\t\t\t\t<div class=\"elementor-column elementor-col-100 elementor-top-column elementor-element elementor-element-433d4f9\" data-id=\"433d4f9\" data-element_type=\"column\">\n\t\t\t<div class=\"elementor-widget-wrap elementor-element-populated\">\n\t\t\t\t\t\t<div class=\"elementor-element elementor-element-8bdde0b elementor-widget elementor-widget-slider_revolution\" data-id=\"8bdde0b\" data-element_type=\"widget\" data-widget_type=\"slider_revolution.default\">\n\t\t\t\t<div class=\"elementor-widget-container\">\n\t\t\t\r\n\t\t<div class=\"wp-block-themepunch-revslider\">\n\t\t\t<!-- START reservation slider REVOLUTION SLIDER 6.4.11 --><p class=\"rs-p-wp-fix\"><\/p>\n\t\t\t<rs-module-wrap id=\"rev_slider_7_1_wrapper\" data-source=\"gallery\" style=\"background:transparent;padding:0;\">\n\t\t\t\t<rs-module id=\"rev_slider_7_1\" style=\"\" data-version=\"6.4.11\">\n\t\t\t\t\t<rs-slides>\n\t\t\t\t\t\t<rs-slide data-key=\"rs-11\" data-title=\"Slide\" data-in=\"o:0;\" data-out=\"a:false;\">\n\t\t\t\t\t\t\t<img fetchpriority=\"high\" decoding=\"async\" src=\"\/\/www.pull-over-dubrovnik.com\/wp-content\/uploads\/2021\/07\/pull-over-interior.jpg\" alt=\"pull over interior\" title=\"pull over interior\" width=\"1920\" height=\"1224\" class=\"rev-slidebg tp-rs-img\" data-bg=\"p:center bottom;\" data-parallax=\"4\" data-no-retina>\n<!--\n\t\t\t\t\t\t\t--><rs-layer\n\t\t\t\t\t\t\t\tid=\"slider-7-slide-11-layer-0\" \n\t\t\t\t\t\t\t\tdata-type=\"image\"\n\t\t\t\t\t\t\t\tdata-xy=\"x:c;y:m;yo:-186px;\"\n\t\t\t\t\t\t\t\tdata-text=\"w:normal;s:20,16,12,7;l:0,20,15,9;\"\n\t\t\t\t\t\t\t\tdata-dim=\"w:['100px','100px','100px','100px'];h:['153px','153px','153px','153px'];\"\n\t\t\t\t\t\t\t\tdata-basealign=\"slide\"\n\t\t\t\t\t\t\t\tdata-rsp_o=\"off\"\n\t\t\t\t\t\t\t\tdata-rsp_bd=\"off\"\n\t\t\t\t\t\t\t\tdata-frame_0=\"y:50;\"\n\t\t\t\t\t\t\t\tdata-frame_1=\"st:150;sp:1000;\"\n\t\t\t\t\t\t\t\tdata-frame_999=\"o:0;st:w;\"\n\t\t\t\t\t\t\t\tstyle=\"z-index:9;\"\n\t\t\t\t\t\t\t><img decoding=\"async\" src=\"\/\/www.pull-over-dubrovnik.com\/wp-content\/uploads\/2021\/07\/vertical-white.png\" alt=\"vertical white\" class=\"tp-rs-img\" width=\"310\" height=\"474\" data-no-retina> \n\t\t\t\t\t\t\t<\/rs-layer><!--\n\n\t\t\t\t\t\t\t--><rs-layer\n\t\t\t\t\t\t\t\tid=\"slider-7-slide-11-layer-1\" \n\t\t\t\t\t\t\t\tdata-type=\"text\"\n\t\t\t\t\t\t\t\tdata-xy=\"x:c;y:m;yo:26px,15px,12px,17px;\"\n\t\t\t\t\t\t\t\tdata-text=\"w:normal;s:71,120,100,50;l:92,136,116,60;ls:6px,6px,6px,3px;a:center;\"\n\t\t\t\t\t\t\t\tdata-basealign=\"slide\"\n\t\t\t\t\t\t\t\tdata-rsp_o=\"off\"\n\t\t\t\t\t\t\t\tdata-rsp_bd=\"off\"\n\t\t\t\t\t\t\t\tdata-frame_0=\"y:50;\"\n\t\t\t\t\t\t\t\tdata-frame_1=\"st:300;sp:1000;\"\n\t\t\t\t\t\t\t\tdata-frame_999=\"o:0;st:w;\"\n\t\t\t\t\t\t\t\tstyle=\"z-index:10;font-family:Oswald;text-transform:uppercase;\"\n\t\t\t\t\t\t\t>Rezervacija \n\t\t\t\t\t\t\t<\/rs-layer><!--\n\n\t\t\t\t\t\t\t--><rs-layer\n\t\t\t\t\t\t\t\tid=\"slider-7-slide-11-layer-3\" \n\t\t\t\t\t\t\t\tclass=\"btn-slider line\"\n\t\t\t\t\t\t\t\tdata-type=\"text\"\n\t\t\t\t\t\t\t\tdata-xy=\"x:c;xo:95px,0,0,0;y:m;yo:217px,135px,146px,100px;\"\n\t\t\t\t\t\t\t\tdata-text=\"w:normal;s:20,16,12,7;l:25,20,15,9;a:center;\"\n\t\t\t\t\t\t\t\tdata-basealign=\"slide\"\n\t\t\t\t\t\t\t\tdata-rsp_o=\"off\"\n\t\t\t\t\t\t\t\tdata-rsp_bd=\"off\"\n\t\t\t\t\t\t\t\tdata-frame_0=\"y:50;\"\n\t\t\t\t\t\t\t\tdata-frame_1=\"st:450;sp:1000;\"\n\t\t\t\t\t\t\t\tdata-frame_999=\"o:0;st:w;\"\n\t\t\t\t\t\t\t\tstyle=\"z-index:11;font-family:Roboto;\"\n\t\t\t\t\t\t\t> \n\t\t\t\t\t\t\t<\/rs-layer><!--\n\n\t\t\t\t\t\t\t--><rs-layer\n\t\t\t\t\t\t\t\tid=\"slider-7-slide-11-layer-4\" \n\t\t\t\t\t\t\t\tdata-type=\"shape\"\n\t\t\t\t\t\t\t\tdata-text=\"w:normal;\"\n\t\t\t\t\t\t\t\tdata-dim=\"w:100%;h:100%;\"\n\t\t\t\t\t\t\t\tdata-basealign=\"slide\"\n\t\t\t\t\t\t\t\tdata-rsp_o=\"off\"\n\t\t\t\t\t\t\t\tdata-rsp_bd=\"off\"\n\t\t\t\t\t\t\t\tdata-frame_999=\"o:0;st:w;\"\n\t\t\t\t\t\t\t\tstyle=\"z-index:8;background-color:rgba(0,0,0,0.41);\"\n\t\t\t\t\t\t\t> \n\t\t\t\t\t\t\t<\/rs-layer><!--\n\n\t\t\t\t\t\t\t--><rs-layer\n\t\t\t\t\t\t\t\tid=\"slider-7-slide-11-layer-5\" \n\t\t\t\t\t\t\t\tdata-type=\"image\"\n\t\t\t\t\t\t\t\tdata-xy=\"x:c;y:b;\"\n\t\t\t\t\t\t\t\tdata-text=\"w:normal;\"\n\t\t\t\t\t\t\t\tdata-dim=\"w:['8px','8px','8px','8px'];h:['103px','103px','103px','103px'];\"\n\t\t\t\t\t\t\t\tdata-actions='o:click;a:scrollbelow;sp:1000ms;e:power1.inOut;'\n\t\t\t\t\t\t\t\tdata-basealign=\"slide\"\n\t\t\t\t\t\t\t\tdata-rsp_o=\"off\"\n\t\t\t\t\t\t\t\tdata-rsp_bd=\"off\"\n\t\t\t\t\t\t\t\tdata-frame_999=\"o:0;st:w;\"\n\t\t\t\t\t\t\t\tdata-loop_0=\"y:10px;\"\n\t\t\t\t\t\t\t\tdata-loop_999=\"sp:1200;yym:t;\"\n\t\t\t\t\t\t\t\tstyle=\"z-index:13;cursor:pointer;\"\n\t\t\t\t\t\t\t><img decoding=\"async\" src=\"\/\/www.pull-over-dubrovnik.com\/wp-content\/uploads\/2020\/11\/Rev-anchor.png\" class=\"tp-rs-img\" width=\"12\" height=\"105\" data-no-retina> \n\t\t\t\t\t\t\t<\/rs-layer><!--\n-->\t\t\t\t\t\t<\/rs-slide>\n\t\t\t\t\t<\/rs-slides>\n\t\t\t\t<\/rs-module>\n\t\t\t\t<script type=\"text\/javascript\">\n\t\t\t\t\tsetREVStartSize({c: 'rev_slider_7_1',rl:[1240,1024,778,480],el:[900,768,960,800],gw:[1240,1024,778,480],gh:[900,768,960,800],type:'hero',justify:'',layout:'fullscreen',offsetContainer:'',offset:'',mh:\"0\"});\n\t\t\t\t\tvar\trevapi7,\n\t\t\t\t\t\ttpj;\n\t\t\t\t\tfunction revinit_revslider71() {\n\t\t\t\t\tjQuery(function() {\n\t\t\t\t\t\ttpj = jQuery;\n\t\t\t\t\t\trevapi7 = tpj(\"#rev_slider_7_1\");\n\t\t\t\t\t\tif(revapi7==undefined || revapi7.revolution == undefined){\n\t\t\t\t\t\t\trevslider_showDoubleJqueryError(\"rev_slider_7_1\");\n\t\t\t\t\t\t}else{\n\t\t\t\t\t\t\trevapi7.revolution({\n\t\t\t\t\t\t\t\tsliderType:\"hero\",\n\t\t\t\t\t\t\t\tDPR:\"dpr\",\n\t\t\t\t\t\t\t\tsliderLayout:\"fullscreen\",\n\t\t\t\t\t\t\t\tvisibilityLevels:\"1240,1024,778,480\",\n\t\t\t\t\t\t\t\tgridwidth:\"1240,1024,778,480\",\n\t\t\t\t\t\t\t\tgridheight:\"900,768,960,800\",\n\t\t\t\t\t\t\t\tperspective:600,\n\t\t\t\t\t\t\t\tperspectiveType:\"global\",\n\t\t\t\t\t\t\t\teditorheight:\"900,768,960,800\",\n\t\t\t\t\t\t\t\tresponsiveLevels:\"1240,1024,778,480\",\n\t\t\t\t\t\t\t\tprogressBar:{disableProgressBar:true},\n\t\t\t\t\t\t\t\tnavigation: {\n\t\t\t\t\t\t\t\t\tonHoverStop:false\n\t\t\t\t\t\t\t\t},\n\t\t\t\t\t\t\t\tparallax: {\n\t\t\t\t\t\t\t\t\tlevels:[5,10,15,20,25,30,35,40,45,46,47,48,49,50,51,30],\n\t\t\t\t\t\t\t\t\ttype:\"scroll\",\n\t\t\t\t\t\t\t\t\torigo:\"slidercenter\",\n\t\t\t\t\t\t\t\t\tspeed:0\n\t\t\t\t\t\t\t\t},\n\t\t\t\t\t\t\t\tfallbacks: {\n\t\t\t\t\t\t\t\t\tallowHTML5AutoPlayOnAndroid:true\n\t\t\t\t\t\t\t\t},\n\t\t\t\t\t\t\t});\n\t\t\t\t\t\t}\n\t\t\t\t\t\t\n\t\t\t\t\t});\n\t\t\t\t\t} \/\/ End of RevInitScript\n\t\t\t\tvar once_revslider71 = false;\n\t\t\t\tif (document.readyState === \"loading\") {document.addEventListener('readystatechange',function() { if((document.readyState === \"interactive\" || document.readyState === \"complete\") && !once_revslider71 ) { once_revslider71 = true; revinit_revslider71();}});} else {once_revslider71 = true; revinit_revslider71();}\n\t\t\t\t<\/script>\n\t\t\t<\/rs-module-wrap>\n\t\t\t<!-- END REVOLUTION SLIDER -->\n<\/div>\r\n\r\n\t\t\t\t<\/div>\n\t\t\t\t<\/div>\n\t\t\t\t\t<\/div>\n\t\t<\/div>\n\t\t\t\t\t<\/div>\n\t\t<\/section>\n\t\t\t\t<section class=\"elementor-section elementor-top-section elementor-element elementor-element-d45ba43 elementor-section-full_width qode_elementor_container_inner small-pad-t small-pad-b prosiri elementor-section-height-default elementor-section-height-default parallax_section_no qode-content-aligment-left\" data-id=\"d45ba43\" data-element_type=\"section\">\n\t\t\t\t\t\t<div class=\"elementor-container elementor-column-gap-default\">\n\t\t\t\t\t<div class=\"elementor-column elementor-col-100 elementor-top-column elementor-element elementor-element-16c81c7\" data-id=\"16c81c7\" data-element_type=\"column\">\n\t\t\t<div class=\"elementor-widget-wrap elementor-element-populated\">\n\t\t\t\t\t\t<div class=\"elementor-element elementor-element-d2623e2 elementor-widget elementor-widget-text-editor\" data-id=\"d2623e2\" data-element_type=\"widget\" data-widget_type=\"text-editor.default\">\n\t\t\t\t<div class=\"elementor-widget-container\">\n\t\t\t\t\t\t\t<h2>Rezerviraj stol<\/h2>\t\t\t\t\t\t<\/div>\n\t\t\t\t<\/div>\n\t\t\t\t<div class=\"elementor-element elementor-element-2acc99d elementor-widget elementor-widget-text-editor\" data-id=\"2acc99d\" data-element_type=\"widget\" data-widget_type=\"text-editor.default\">\n\t\t\t\t<div class=\"elementor-widget-container\">\n\t\t\t\t\t\t\t<h4>Napravi rezervaciju u restoranu Pull Over Dubrovnik<\/h4>\t\t\t\t\t\t<\/div>\n\t\t\t\t<\/div>\n\t\t\t\t<div class=\"elementor-element elementor-element-cd199e6 reservation-container elementor-widget elementor-widget-stockholm_cf_7\" data-id=\"cd199e6\" data-element_type=\"widget\" data-widget_type=\"stockholm_cf_7.default\">\n\t\t\t\t<div class=\"elementor-widget-container\">\n\t\t\t    <div class=\"qode-contact-form-7 qode-contact-form-7-0\">\n    \n<div class=\"wpcf7 no-js\" id=\"wpcf7-f1142-o1\" lang=\"hr\" dir=\"ltr\">\n<div class=\"screen-reader-response\"><p role=\"status\" aria-live=\"polite\" aria-atomic=\"true\"><\/p> <ul><\/ul><\/div>\n<form action=\"\/hr\/wp-json\/wp\/v2\/pages\/1137#wpcf7-f1142-o1\" method=\"post\" class=\"wpcf7-form init cf7_custom_style_2\" aria-label=\"Kontakt obrazac\" novalidate=\"novalidate\" data-status=\"init\">\n<div style=\"display: none;\">\n<input type=\"hidden\" name=\"_wpcf7\" value=\"1142\" \/>\n<input type=\"hidden\" name=\"_wpcf7_version\" value=\"5.9.3\" \/>\n<input type=\"hidden\" name=\"_wpcf7_locale\" value=\"hr\" \/>\n<input type=\"hidden\" name=\"_wpcf7_unit_tag\" value=\"wpcf7-f1142-o1\" \/>\n<input type=\"hidden\" name=\"_wpcf7_container_post\" value=\"0\" \/>\n<input type=\"hidden\" name=\"_wpcf7_posted_data_hash\" value=\"\" \/>\n<input type=\"hidden\" name=\"_wpcf7_recaptcha_response\" value=\"\" \/>\n<\/div>\n<div class=\"two_columns_50_50 clearfix\">\n\n<div class=\"column1\">\n<div class=\"column_inner\">\n<span class=\"wpcf7-form-control-wrap\" data-name=\"first-name\"><input size=\"40\" class=\"wpcf7-form-control wpcf7-text wpcf7-validates-as-required\" aria-required=\"true\" aria-invalid=\"false\" placeholder=\"Ime*\" value=\"\" type=\"text\" name=\"first-name\" \/><\/span>\n<\/div>\n<\/div>\n\n<div class=\"column2\">\n<div class=\"column_inner\">\n<span class=\"wpcf7-form-control-wrap\" data-name=\"mail\"><input size=\"40\" class=\"wpcf7-form-control wpcf7-email wpcf7-validates-as-required wpcf7-text wpcf7-validates-as-email\" aria-required=\"true\" aria-invalid=\"false\" placeholder=\"E-mail*\" value=\"\" type=\"email\" name=\"mail\" \/><\/span>\n<\/div>\n<\/div>\n\n<\/div>\n\n<div class=\"two_columns_50_50 clearfix\">\n\n<div class=\"column1\">\n<div class=\"column_inner\">\n<span class=\"wpcf7-form-control-wrap\" data-name=\"seats\"><input class=\"wpcf7-form-control wpcf7-number wpcf7-validates-as-required wpcf7-validates-as-number\" min=\"1\" max=\"10\" aria-required=\"true\" aria-invalid=\"false\" placeholder=\"Broj osoba*\" value=\"\" type=\"number\" name=\"seats\" \/><\/span>\n<\/div>\n<\/div>\n\n<div class=\"column2\">\n<div class=\"column_inner\">\n<div class=\"qode-cf-select\"><span class=\"wpcf7-form-control-wrap\" data-name=\"selected-date\"><input class=\"wpcf7-form-control wpcf7-date wpcf7-validates-as-required wpcf7-validates-as-date\" aria-required=\"true\" aria-invalid=\"false\" value=\"\" type=\"date\" name=\"selected-date\" \/><\/span><\/div>\n<\/div>\n<\/div>\n\n<\/div>\n\n<div class=\"two_columns_50_50 clearfix\">\n\n<div class=\"column1\">\n<div class=\"column_inner\">\n<span class=\"wpcf7-form-control-wrap\" data-name=\"time\"><input size=\"40\" class=\"wpcf7-form-control wpcf7-text wpcf7-validates-as-required\" aria-required=\"true\" aria-invalid=\"false\" placeholder=\"Vrijeme*\" value=\"\" type=\"text\" name=\"time\" \/><\/span>\n<\/div>\n<\/div>\n\n<div class=\"column2\">\n<div class=\"column_inner\">\n<span class=\"wpcf7-form-control-wrap\" data-name=\"phone\"><input size=\"40\" class=\"wpcf7-form-control wpcf7-tel wpcf7-validates-as-required wpcf7-text wpcf7-validates-as-tel\" aria-required=\"true\" aria-invalid=\"false\" placeholder=\"Telefon*\" value=\"\" type=\"tel\" name=\"phone\" \/><\/span>\n<\/div>\n<\/div>\n\n<\/div>\n<div><span class=\"wpcf7-form-control-wrap\" data-name=\"your-message\"><textarea cols=\"40\" rows=\"10\" class=\"wpcf7-form-control wpcf7-textarea\" aria-invalid=\"false\" placeholder=\"Dodatno\" name=\"your-message\"><\/textarea><\/span><\/div>\n\n<div><span class=\"wpcf7-form-control-wrap\" data-name=\"gdpr-acceptance\"><span class=\"wpcf7-form-control wpcf7-acceptance\"><span class=\"wpcf7-list-item\"><label><input type=\"checkbox\" name=\"gdpr-acceptance\" value=\"1\" aria-invalid=\"false\" \/><span class=\"wpcf7-list-item-label\">Ozna\u010dite kako biste pristali na to da se va\u0161i podaci pohranjuju u skladu sa smjernicama navedenim u na\u0161oj <a class=\"zuto\" href=\"https:\/\/www.pull-over-dubrovnik.com\/hr\/izjava-o-privatnosti\/\" target=\"_blank\">izjavi o privatnosti<\/a><\/span><\/label><\/span><\/span><\/span><\/div>\n<br>\n<div class=\"centriraj\"><input class=\"wpcf7-form-control wpcf7-submit has-spinner\" type=\"submit\" value=\"Rezerviraj stol\" \/><\/div><div class=\"wpcf7-response-output\" aria-hidden=\"true\"><\/div>\n<\/form>\n<\/div>\n    <\/div>\n\t\t<\/div>\n\t\t\t\t<\/div>\n\t\t\t\t\t<\/div>\n\t\t<\/div>\n\t\t\t\t\t<\/div>\n\t\t<\/section>\n\t\t\t\t<\/div>\n\t\t","protected":false},"excerpt":{"rendered":"<p>Rezerviraj stol Napravi rezervaciju u restoranu Pull Over Dubrovnik<\/p>\n","protected":false},"author":1,"featured_media":1045,"parent":0,"menu_order":0,"comment_status":"closed","ping_status":"closed","template":"full_width.php","meta":{"footnotes":""},"class_list":["post-1137","page","type-page","status-publish","has-post-thumbnail","hentry"],"yoast_head":"<!-- This site is optimized with the Yoast SEO plugin v22.4 - https:\/\/yoast.com\/wordpress\/plugins\/seo\/ -->\n<title>Rezervacija | Pull Over Dubrovnik Restoran | Rezerviraj stol<\/title>\n<meta name=\"description\" content=\"Na\u0161 koncept otvorene kuhinje poziva vas da u potpunosti do\u017eivite jela koja pripremamo. Rezervirajte stol i u\u017eivajte!\" \/>\n<meta name=\"robots\" content=\"index, follow, max-snippet:-1, max-image-preview:large, max-video-preview:-1\" \/>\n<link rel=\"canonical\" href=\"https:\/\/www.pull-over-dubrovnik.com\/hr\/rezervacija\/\" \/>\n<meta property=\"og:locale\" content=\"hr_HR\" \/>\n<meta property=\"og:type\" content=\"article\" \/>\n<meta property=\"og:title\" content=\"Rezervacija | Pull Over Dubrovnik Restoran | Rezerviraj stol\" \/>\n<meta property=\"og:description\" content=\"Na\u0161 koncept otvorene kuhinje poziva vas da u potpunosti do\u017eivite jela koja pripremamo. Rezervirajte stol i u\u017eivajte!\" \/>\n<meta property=\"og:url\" content=\"https:\/\/www.pull-over-dubrovnik.com\/hr\/rezervacija\/\" \/>\n<meta property=\"og:site_name\" content=\"Pull Over\" \/>\n<meta property=\"article:modified_time\" content=\"2021-07-05T12:12:31+00:00\" \/>\n<meta property=\"og:image\" content=\"https:\/\/www.pull-over-dubrovnik.com\/wp-content\/uploads\/2021\/07\/dubrovnik-pull-over.jpg\" \/>\n\t<meta property=\"og:image:width\" content=\"1920\" \/>\n\t<meta property=\"og:image:height\" content=\"1258\" \/>\n\t<meta property=\"og:image:type\" content=\"image\/jpeg\" \/>\n<meta name=\"twitter:card\" content=\"summary_large_image\" \/>\n<meta name=\"twitter:label1\" content=\"Procijenjeno vrijeme \u010ditanja\" \/>\n\t<meta name=\"twitter:data1\" content=\"2 minute\" \/>\n<script type=\"application\/ld+json\" class=\"yoast-schema-graph\">{\"@context\":\"https:\/\/schema.org\",\"@graph\":[{\"@type\":\"WebPage\",\"@id\":\"https:\/\/www.pull-over-dubrovnik.com\/hr\/rezervacija\/\",\"url\":\"https:\/\/www.pull-over-dubrovnik.com\/hr\/rezervacija\/\",\"name\":\"Rezervacija | Pull Over Dubrovnik Restoran | Rezerviraj stol\",\"isPartOf\":{\"@id\":\"https:\/\/www.pull-over-dubrovnik.com\/hr\/#website\"},\"primaryImageOfPage\":{\"@id\":\"https:\/\/www.pull-over-dubrovnik.com\/hr\/rezervacija\/#primaryimage\"},\"image\":{\"@id\":\"https:\/\/www.pull-over-dubrovnik.com\/hr\/rezervacija\/#primaryimage\"},\"thumbnailUrl\":\"https:\/\/www.pull-over-dubrovnik.com\/wp-content\/uploads\/2021\/07\/dubrovnik-pull-over.jpg\",\"datePublished\":\"2021-07-05T12:05:53+00:00\",\"dateModified\":\"2021-07-05T12:12:31+00:00\",\"description\":\"Na\u0161 koncept otvorene kuhinje poziva vas da u potpunosti do\u017eivite jela koja pripremamo. Rezervirajte stol i u\u017eivajte!\",\"breadcrumb\":{\"@id\":\"https:\/\/www.pull-over-dubrovnik.com\/hr\/rezervacija\/#breadcrumb\"},\"inLanguage\":\"hr\",\"potentialAction\":[{\"@type\":\"ReadAction\",\"target\":[\"https:\/\/www.pull-over-dubrovnik.com\/hr\/rezervacija\/\"]}]},{\"@type\":\"ImageObject\",\"inLanguage\":\"hr\",\"@id\":\"https:\/\/www.pull-over-dubrovnik.com\/hr\/rezervacija\/#primaryimage\",\"url\":\"https:\/\/www.pull-over-dubrovnik.com\/wp-content\/uploads\/2021\/07\/dubrovnik-pull-over.jpg\",\"contentUrl\":\"https:\/\/www.pull-over-dubrovnik.com\/wp-content\/uploads\/2021\/07\/dubrovnik-pull-over.jpg\",\"width\":1920,\"height\":1258,\"caption\":\"dubrovnik pull over\"},{\"@type\":\"BreadcrumbList\",\"@id\":\"https:\/\/www.pull-over-dubrovnik.com\/hr\/rezervacija\/#breadcrumb\",\"itemListElement\":[{\"@type\":\"ListItem\",\"position\":1,\"name\":\"Po\u010detna stranica\",\"item\":\"https:\/\/www.pull-over-dubrovnik.com\/hr\/\"},{\"@type\":\"ListItem\",\"position\":2,\"name\":\"Rezervacija\"}]},{\"@type\":\"WebSite\",\"@id\":\"https:\/\/www.pull-over-dubrovnik.com\/hr\/#website\",\"url\":\"https:\/\/www.pull-over-dubrovnik.com\/hr\/\",\"name\":\"Pull Over\",\"description\":\"Samo jo\u0161 jedna WordPress web-stranica\",\"potentialAction\":[{\"@type\":\"SearchAction\",\"target\":{\"@type\":\"EntryPoint\",\"urlTemplate\":\"https:\/\/www.pull-over-dubrovnik.com\/hr\/?s={search_term_string}\"},\"query-input\":\"required name=search_term_string\"}],\"inLanguage\":\"hr\"}]}<\/script>\n<!-- \/ Yoast SEO plugin. -->","yoast_head_json":{"title":"Rezervacija | Pull Over Dubrovnik Restoran | Rezerviraj stol","description":"Na\u0161 koncept otvorene kuhinje poziva vas da u potpunosti do\u017eivite jela koja pripremamo. Rezervirajte stol i u\u017eivajte!","robots":{"index":"index","follow":"follow","max-snippet":"max-snippet:-1","max-image-preview":"max-image-preview:large","max-video-preview":"max-video-preview:-1"},"canonical":"https:\/\/www.pull-over-dubrovnik.com\/hr\/rezervacija\/","og_locale":"hr_HR","og_type":"article","og_title":"Rezervacija | Pull Over Dubrovnik Restoran | Rezerviraj stol","og_description":"Na\u0161 koncept otvorene kuhinje poziva vas da u potpunosti do\u017eivite jela koja pripremamo. Rezervirajte stol i u\u017eivajte!","og_url":"https:\/\/www.pull-over-dubrovnik.com\/hr\/rezervacija\/","og_site_name":"Pull Over","article_modified_time":"2021-07-05T12:12:31+00:00","og_image":[{"width":1920,"height":1258,"url":"https:\/\/www.pull-over-dubrovnik.com\/wp-content\/uploads\/2021\/07\/dubrovnik-pull-over.jpg","type":"image\/jpeg"}],"twitter_card":"summary_large_image","twitter_misc":{"Procijenjeno vrijeme \u010ditanja":"2 minute"},"schema":{"@context":"https:\/\/schema.org","@graph":[{"@type":"WebPage","@id":"https:\/\/www.pull-over-dubrovnik.com\/hr\/rezervacija\/","url":"https:\/\/www.pull-over-dubrovnik.com\/hr\/rezervacija\/","name":"Rezervacija | Pull Over Dubrovnik Restoran | Rezerviraj stol","isPartOf":{"@id":"https:\/\/www.pull-over-dubrovnik.com\/hr\/#website"},"primaryImageOfPage":{"@id":"https:\/\/www.pull-over-dubrovnik.com\/hr\/rezervacija\/#primaryimage"},"image":{"@id":"https:\/\/www.pull-over-dubrovnik.com\/hr\/rezervacija\/#primaryimage"},"thumbnailUrl":"https:\/\/www.pull-over-dubrovnik.com\/wp-content\/uploads\/2021\/07\/dubrovnik-pull-over.jpg","datePublished":"2021-07-05T12:05:53+00:00","dateModified":"2021-07-05T12:12:31+00:00","description":"Na\u0161 koncept otvorene kuhinje poziva vas da u potpunosti do\u017eivite jela koja pripremamo. Rezervirajte stol i u\u017eivajte!","breadcrumb":{"@id":"https:\/\/www.pull-over-dubrovnik.com\/hr\/rezervacija\/#breadcrumb"},"inLanguage":"hr","potentialAction":[{"@type":"ReadAction","target":["https:\/\/www.pull-over-dubrovnik.com\/hr\/rezervacija\/"]}]},{"@type":"ImageObject","inLanguage":"hr","@id":"https:\/\/www.pull-over-dubrovnik.com\/hr\/rezervacija\/#primaryimage","url":"https:\/\/www.pull-over-dubrovnik.com\/wp-content\/uploads\/2021\/07\/dubrovnik-pull-over.jpg","contentUrl":"https:\/\/www.pull-over-dubrovnik.com\/wp-content\/uploads\/2021\/07\/dubrovnik-pull-over.jpg","width":1920,"height":1258,"caption":"dubrovnik pull over"},{"@type":"BreadcrumbList","@id":"https:\/\/www.pull-over-dubrovnik.com\/hr\/rezervacija\/#breadcrumb","itemListElement":[{"@type":"ListItem","position":1,"name":"Po\u010detna stranica","item":"https:\/\/www.pull-over-dubrovnik.com\/hr\/"},{"@type":"ListItem","position":2,"name":"Rezervacija"}]},{"@type":"WebSite","@id":"https:\/\/www.pull-over-dubrovnik.com\/hr\/#website","url":"https:\/\/www.pull-over-dubrovnik.com\/hr\/","name":"Pull Over","description":"Samo jo\u0161 jedna WordPress web-stranica","potentialAction":[{"@type":"SearchAction","target":{"@type":"EntryPoint","urlTemplate":"https:\/\/www.pull-over-dubrovnik.com\/hr\/?s={search_term_string}"},"query-input":"required name=search_term_string"}],"inLanguage":"hr"}]}},"_links":{"self":[{"href":"https:\/\/www.pull-over-dubrovnik.com\/hr\/wp-json\/wp\/v2\/pages\/1137","targetHints":{"allow":["GET"]}}],"collection":[{"href":"https:\/\/www.pull-over-dubrovnik.com\/hr\/wp-json\/wp\/v2\/pages"}],"about":[{"href":"https:\/\/www.pull-over-dubrovnik.com\/hr\/wp-json\/wp\/v2\/types\/page"}],"author":[{"embeddable":true,"href":"https:\/\/www.pull-over-dubrovnik.com\/hr\/wp-json\/wp\/v2\/users\/1"}],"replies":[{"embeddable":true,"href":"https:\/\/www.pull-over-dubrovnik.com\/hr\/wp-json\/wp\/v2\/comments?post=1137"}],"version-history":[{"count":4,"href":"https:\/\/www.pull-over-dubrovnik.com\/hr\/wp-json\/wp\/v2\/pages\/1137\/revisions"}],"predecessor-version":[{"id":1141,"href":"https:\/\/www.pull-over-dubrovnik.com\/hr\/wp-json\/wp\/v2\/pages\/1137\/revisions\/1141"}],"wp:featuredmedia":[{"embeddable":true,"href":"https:\/\/www.pull-over-dubrovnik.com\/hr\/wp-json\/wp\/v2\/media\/1045"}],"wp:attachment":[{"href":"https:\/\/www.pull-over-dubrovnik.com\/hr\/wp-json\/wp\/v2\/media?parent=1137"}],"curies":[{"name":"wp","href":"https:\/\/api.w.org\/{rel}","templated":true}]}}