{"id":1158,"date":"2021-07-05T14:40:05","date_gmt":"2021-07-05T12:40:05","guid":{"rendered":"https:\/\/www.pull-over-dubrovnik.com\/?page_id=1158"},"modified":"2021-07-05T15:08:32","modified_gmt":"2021-07-05T13:08:32","slug":"izjava-o-privatnosti","status":"publish","type":"page","link":"https:\/\/www.pull-over-dubrovnik.com\/hr\/izjava-o-privatnosti\/","title":{"rendered":"Izjava o privatnosti"},"content":{"rendered":"\t\t<div data-elementor-type=\"wp-page\" data-elementor-id=\"1158\" class=\"elementor elementor-1158 elementor-571\">\n\t\t\t\t\t\t<section class=\"elementor-section elementor-top-section elementor-element elementor-element-585f0886 elementor-section-boxed elementor-section-height-default elementor-section-height-default parallax_section_no qode_elementor_container_no qode-content-aligment-left\" data-id=\"585f0886\" data-element_type=\"section\">\n\t\t\t\t\t\t<div class=\"elementor-container elementor-column-gap-default\">\n\t\t\t\t\t<div class=\"elementor-column elementor-col-100 elementor-top-column elementor-element elementor-element-541c3f5d\" data-id=\"541c3f5d\" data-element_type=\"column\">\n\t\t\t<div class=\"elementor-widget-wrap elementor-element-populated\">\n\t\t\t\t\t\t<div class=\"elementor-element elementor-element-5a31f44e elementor-widget elementor-widget-text-editor\" data-id=\"5a31f44e\" data-element_type=\"widget\" data-widget_type=\"text-editor.default\">\n\t\t\t\t<div class=\"elementor-widget-container\">\n\t\t\t\t\t\t\t<h2>Izjava o privatnosti<\/h2>\nPull Over (\u201emi\u201c, \u201emi\u201c ili \u201ena\u0161\u201c) upravlja web stranicom https:\/\/www.pull-over-dubrovnik.com\/ (\u201eusluga\u201c). Ova vas web stranica informira o na\u0161im pravilima u vezi sa prikupljanjem, kori\u0161tenjem i otkrivanjem osobnih podataka prilikom kori\u0161tenja na\u0161e usluge i izborima povezanim s tim informacijama. Va\u0161e podatke koristimo za pru\u017eanje i pobolj\u0161anje usluge. Kori\u0161tenjem Usluge pristajete na prikupljanje i upotrebu podataka u skladu s ovim pravilima. Ako u ovim Pravilima o privatnosti nije druga\u010dije navedeno, pojmovi kori\u0161teni u ovim Pravilima o privatnosti imaju isto zna\u010denje kao u na\u0161im Uvjetima i odredbama dostupnim na https:\/\/www.pull-over-dubrovnik.com.\n<h2>1. Prikupljanje i uporaba informacija<\/h2>\nPrikupljamo nekoliko razli\u010ditih vrsta informacija u razli\u010dite svrhe kako bismo vam pru\u017eili i pobolj\u0161ali na\u0161u uslugu.\n<h3>1.1 Vrste prikupljenih podataka<\/h3>\n<h3>1.1.1 Osobni podaci<\/h3>\nTijekom kori\u0161tenja na\u0161e usluge, mo\u017eemo od vas tra\u017eiti da nam date odre\u0111ene osobne podatke pomo\u0107u kojih vas mo\u017eemo kontaktirati ili identificirati (\u201cOsobni podaci\u201d). Osobno, podaci koji se mogu identificirati mogu obuhva\u0107ati, ali nisu ograni\u010deni na:\n<ul>\n \t<li>Email adresa<\/li>\n \t<li>Ime i prezime<\/li>\n \t<li>Broj telefona<\/li>\n \t<li>Adresa, dr\u017eava, pokrajina, po\u0161tanski broj, grad<\/li>\n \t<li>Kola\u010di\u0107i i podaci o upotrebi<\/li>\n<\/ul>\n<h3>1.1.2 Podaci o upotrebi<\/h3>\nTako\u0111er mo\u017eemo prikupljati podatke o na\u010dinu pristupa i upotrebi usluge (\u201ePodaci o kori\u0161tenju\u201c). Ovi podaci o kori\u0161tenju mogu sadr\u017eavati podatke poput adrese internetskog protokola va\u0161eg ra\u010dunala (npr. IP adresa), vrstu preglednika, verziju preglednika, stranice na\u0161e usluge koje posje\u0107ujete, vrijeme i datum posjete, vrijeme provedeno na tim stranicama, jedinstveno identifikatori ure\u0111aja i drugi dijagnosti\u010dki podaci.\n<h3>1.1.3 Podaci za pra\u0107enje i kola\u010di\u0107i<\/h3>\nKoristimo kola\u010di\u0107e i sli\u010dne tehnologije pra\u0107enja za pra\u0107enje aktivnosti na na\u0161em servisu i \u010duvanje odre\u0111enih podataka. Kola\u010di\u0107i su datoteke s malom koli\u010dinom podataka koje mogu sadr\u017eavati anonimni jedinstveni identifikator. Kola\u010di\u0107i se u va\u0161 preglednik \u0161alju s web mjesta i pohranjuju se na va\u0161em ure\u0111aju. Kori\u0161tene su i tehnologije pra\u0107enja: \u043c\u0430\u044fle, oznake i skripte za prikupljanje i pra\u0107enje informacija te za pobolj\u0161anje i analizu na\u0161e usluge. Mo\u017eete uputiti preglednik da odbija sve kola\u010di\u0107e ili nazna\u010diti kada se kola\u010di\u0107 \u0161alje. Me\u0111utim, ako ne prihva\u0107ate kola\u010di\u0107e, mo\u017eda ne\u0107ete mo\u0107i koristiti neke dijelove na\u0161e Usluge. Primjeri kola\u010di\u0107a koje koristimo: Kola\u010di\u0107i sesija. Za rad na\u0161e usluge koristimo sesijske kola\u010di\u0107e. Kola\u010di\u0107i s preferencijama koristimo kako bismo zapamtili va\u0161e postavke i razne postavke. Sigurnosni kola\u010di\u0107i. Sigurnosne kola\u010di\u0107e koristimo u sigurnosne svrhe.\n<h3>1.2 Upotreba podataka<\/h3>\nPull Over prikupljene podatke koristi u razli\u010dite svrhe:\n<ul>\n \t<li>Za pru\u017eanje i odr\u017eavanje usluge<\/li>\n \t<li>Da bismo vas obavijestili o promjenama u na\u0161oj Usluzi<\/li>\n \t<li>Da bismo vam omogu\u0107ili sudjelovanje u interaktivnim zna\u010dajkama na\u0161e Usluge kada to odlu\u010dite<\/li>\n \t<li>Kako bi pru\u017eili brigu i podr\u0161ku kupcima<\/li>\n \t<li>Da bismo pru\u017eili analizu ili vrijedne informacije kako bismo pobolj\u0161ali uslugu<\/li>\n \t<li>Za pra\u0107enje kori\u0161tenja usluge<\/li>\n \t<li>Za otkrivanje, spre\u010davanje i rje\u0161avanje tehni\u010dkih problema<\/li>\n<\/ul>\n<h2>2. Prijenos podataka<\/h2>\nVa\u0161i podaci, uklju\u010duju\u0107i osobne podatke, mogu se prenijeti i odr\u017eavati na ra\u010dunalima koja se nalaze izvan va\u0161e dr\u017eave, provincije, dr\u017eave ili druge dr\u017eavne nadle\u017enosti u kojima se zakoni o za\u0161titi podataka mogu razlikovati od onih iz va\u0161e nadle\u017enosti. Ako se nalazite izvan Hrvatske i odlu\u010dite nam pru\u017eiti podatke, imajte na umu da podatke, uklju\u010duju\u0107i Osobne podatke, prenosimo u Hrvatsku i tamo obra\u0111ujemo. Va\u0161 pristanak na ovu Politiku privatnosti nakon \u010dega podnesete takve podatke predstavlja va\u0161 pristanak na taj prijenos. Bota Palace morat \u0107e poduzeti sve potrebne korake kako bi osigurali da se s va\u0161im podacima postupa na siguran na\u010din i u skladu s ovim Pravilima o privatnosti i da se prijenos osobnih podataka ne\u0107e odvijati u neku organizaciju ili zemlju, osim ako ne postoji odgovaraju\u0107a kontrola, uklju\u010duju\u0107i sigurnost va\u0161ih podataka podaci i drugi osobni podaci.\n<h2>3. Otkrivanje podataka<\/h2>\n<h3>3.1 Zakonski zahtjevi<\/h3>\nPull Over mo\u017ee otkriti svoje osobne podatke u dobroj vjeri da je takva akcija potrebna kako bi:\n<ul>\n \t<li>U skladu s zakonskom obvezom<\/li>\n \t<li>Za za\u0161titu i obranu prava ili imovine Pull Over<\/li>\n \t<li>Za sprje\u010davanje ili istragu mogu\u0107ih nedjela u vezi s Uslugom<\/li>\n \t<li>Za za\u0161titu osobne sigurnosti korisnika Usluge ili javnosti<\/li>\n \t<li>Za za\u0161titu od pravne odgovornosti<\/li>\n<\/ul>\n<h2>4. Sigurnost podataka<\/h2>\nSigurnost va\u0161ih podataka za nas je va\u017ena, ali imajte na umu da nijedna metoda prijenosa putem Interneta ili na\u010din elektroni\u010dkog pohranjivanja nisu 100% sigurni. Iako se trudimo koristiti komercijalno prihvatljiva sredstva za za\u0161titu va\u0161ih osobnih podataka, ne mo\u017eemo jam\u010diti njegovu apsolutnu sigurnost.\n<h2>5. Davatelji usluga<\/h2>\nMo\u017eemo zaposliti tre\u0107e strane tvrtke i pojedince da bi olak\u0161ali na\u0161u uslugu (\u201cpru\u017eatelji usluga\u201d), pru\u017eili uslugu u na\u0161e ime, vr\u0161ili usluge povezane s uslugom ili nam pomogli u analizi kako se na\u0161a usluga koristi. Ove tre\u0107e strane imaju pristup va\u0161im osobnim podacima samo za obavljanje tih zadataka u na\u0161e ime i obvezne su ih ne otkrivati ili koristiti u druge svrhe.\n<h3>5.1 Google Analytics<\/h3>\nMo\u017eemo koristiti davatelje usluga tre\u0107e strane za nadgledanje i analizu upotrebe na\u0161e usluge. Google Analytics usluga je web analitike koju nudi Google koja prati i prijavljuje promet na web mjestu. Google koristi prikupljene podatke za pra\u0107enje i pra\u0107enje kori\u0161tenja na\u0161e usluge. Ti se podaci dijele s ostalim Googleovim uslugama. Google mo\u017ee koristiti prikupljene podatke za kontekstualizaciju i personaliziranje oglasa vlastite ogla\u0161iva\u010dke mre\u017ee. Mo\u017eete isklju\u010diti mogu\u0107nost da svoju aktivnost na Usluzi u\u010dinite dostupnom Google Analytics instaliranjem dodatka preglednika za isklju\u010divanje usluge Google Analytics. Dodatak sprje\u010dava da Google Analytics JavaScript (ga.js, analytics.js i dc.js) dijeli informacije s Google Analyticsom o aktivnosti posjeta. Da biste saznali vi\u0161e o Googleovim pravilima o privatnosti, posjetite internetsku stranicu Google Privacy and Terms.\n<h2>6. Poveznice na druge stranice<\/h2>\nNa\u0161a usluga mo\u017ee sadr\u017eavati veze na druge web stranice koje mi ne upravljamo. Ako kliknete vezu tre\u0107e strane, bit \u0107ete preusmjereni na web mjesto te tre\u0107e strane. Toplo vam savjetujemo da pregledate Politiku privatnosti svake web stranice koju posjetite. Mi nemamo kontrolu nad i ne preuzimamo odgovornost za sadr\u017eaj, politike privatnosti ili prakse bilo koje tre\u0107e strane ili usluge tre\u0107ih strana.\n<h2>7. Privatnost djece<\/h2>\nNa\u0161a se slu\u017eba ne obra\u0107a nikome mla\u0111em od 18 godina (\u201cdjeca\u201d). Mi svjesno ne prikupljamo osobne podatke od osoba mla\u0111ih od 18 godina. Ako ste roditelj ili skrbnik i svjesni ste da su nam Va\u0161a djeca pru\u017eila osobne podatke, molimo kontaktirajte nas. Ako postanemo svjesni da smo od djece prikupljali osobne podatke bez ovjere roditeljskog pristanka, poduzimamo korake za uklanjanje tih podataka s na\u0161ih poslu\u017eitelja.\n<h2>8. Izmjene ovih pravila o privatnosti<\/h2>\nS vremena na vrijeme mo\u017eemo a\u017eurirati svoju Politiku privatnosti. Obavijestit \u0107emo vas o svim promjenama objavljivanjem novih Pravila o privatnosti na ovoj stranici. Obavijestit \u0107emo vas putem e-po\u0161te i \/ ili istaknute obavijesti o na\u0161oj usluzi, prije nego \u0161to promjene postanu na snazi i a\u017euriramo \u201cdatum stupanja na snagu\u201d na vrhu ove politike o privatnosti. Savjetujemo vam da povremeno pregledavate ovu Politiku o privatnosti radi bilo kakvih promjena. Promjene ovih Pravila o privatnosti na snazi su kad su objavljene na ovoj stranici.\n<h2>9. Kontaktirajte nas<\/h2>\nAko imate bilo kakvih pitanja u vezi s ovim Pravilima o privatnosti, obratite nam se:\nE-po\u0161tom: info@pull-over-dubrovnik.com\nTelefonom: +385 91 1777 767\t\t\t\t\t\t<\/div>\n\t\t\t\t<\/div>\n\t\t\t\t\t<\/div>\n\t\t<\/div>\n\t\t\t\t\t<\/div>\n\t\t<\/section>\n\t\t\t\t<\/div>\n\t\t","protected":false},"excerpt":{"rendered":"<p>Izjava o privatnosti Pull Over (\u201emi\u201c, \u201emi\u201c ili \u201ena\u0161\u201c) upravlja web stranicom https:\/\/www.pull-over-dubrovnik.com\/ (\u201eusluga\u201c). Ova vas web stranica informira o na\u0161im pravilima u vezi sa prikupljanjem, kori\u0161tenjem i otkrivanjem osobnih podataka prilikom kori\u0161tenja na\u0161e usluge i izborima povezanim s tim informacijama. Va\u0161e podatke koristimo za&#8230;<\/p>\n","protected":false},"author":1,"featured_media":1067,"parent":0,"menu_order":0,"comment_status":"closed","ping_status":"open","template":"","meta":{"footnotes":""},"class_list":["post-1158","page","type-page","status-publish","has-post-thumbnail","hentry"],"yoast_head":"<!-- This site is optimized with the Yoast SEO plugin v22.4 - https:\/\/yoast.com\/wordpress\/plugins\/seo\/ -->\n<title>Izjava o privatnosti - Pull Over<\/title>\n<meta name=\"robots\" content=\"index, follow, max-snippet:-1, max-image-preview:large, max-video-preview:-1\" \/>\n<link rel=\"canonical\" href=\"https:\/\/www.pull-over-dubrovnik.com\/hr\/izjava-o-privatnosti\/\" \/>\n<meta property=\"og:locale\" content=\"hr_HR\" \/>\n<meta property=\"og:type\" content=\"article\" \/>\n<meta property=\"og:title\" content=\"Izjava o privatnosti - Pull Over\" \/>\n<meta property=\"og:description\" content=\"Izjava o privatnosti Pull Over (\u201emi\u201c, \u201emi\u201c ili \u201ena\u0161\u201c) upravlja web stranicom https:\/\/www.pull-over-dubrovnik.com\/ (\u201eusluga\u201c). Ova vas web stranica informira o na\u0161im pravilima u vezi sa prikupljanjem, kori\u0161tenjem i otkrivanjem osobnih podataka prilikom kori\u0161tenja na\u0161e usluge i izborima povezanim s tim informacijama. Va\u0161e podatke koristimo za...\" \/>\n<meta property=\"og:url\" content=\"https:\/\/www.pull-over-dubrovnik.com\/hr\/izjava-o-privatnosti\/\" \/>\n<meta property=\"og:site_name\" content=\"Pull Over\" \/>\n<meta property=\"article:modified_time\" content=\"2021-07-05T13:08:32+00:00\" \/>\n<meta property=\"og:image\" content=\"https:\/\/www.pull-over-dubrovnik.com\/wp-content\/uploads\/2021\/07\/pull-over-dubrovnik-exterior.jpg\" \/>\n\t<meta property=\"og:image:width\" content=\"1045\" \/>\n\t<meta property=\"og:image:height\" content=\"1162\" \/>\n\t<meta property=\"og:image:type\" content=\"image\/jpeg\" \/>\n<meta name=\"twitter:card\" content=\"summary_large_image\" \/>\n<meta name=\"twitter:label1\" content=\"Procijenjeno vrijeme \u010ditanja\" \/>\n\t<meta name=\"twitter:data1\" content=\"5 minuta\" \/>\n<script type=\"application\/ld+json\" class=\"yoast-schema-graph\">{\"@context\":\"https:\/\/schema.org\",\"@graph\":[{\"@type\":\"WebPage\",\"@id\":\"https:\/\/www.pull-over-dubrovnik.com\/hr\/izjava-o-privatnosti\/\",\"url\":\"https:\/\/www.pull-over-dubrovnik.com\/hr\/izjava-o-privatnosti\/\",\"name\":\"Izjava o privatnosti - Pull Over\",\"isPartOf\":{\"@id\":\"https:\/\/www.pull-over-dubrovnik.com\/hr\/#website\"},\"primaryImageOfPage\":{\"@id\":\"https:\/\/www.pull-over-dubrovnik.com\/hr\/izjava-o-privatnosti\/#primaryimage\"},\"image\":{\"@id\":\"https:\/\/www.pull-over-dubrovnik.com\/hr\/izjava-o-privatnosti\/#primaryimage\"},\"thumbnailUrl\":\"https:\/\/www.pull-over-dubrovnik.com\/wp-content\/uploads\/2021\/07\/pull-over-dubrovnik-exterior.jpg\",\"datePublished\":\"2021-07-05T12:40:05+00:00\",\"dateModified\":\"2021-07-05T13:08:32+00:00\",\"breadcrumb\":{\"@id\":\"https:\/\/www.pull-over-dubrovnik.com\/hr\/izjava-o-privatnosti\/#breadcrumb\"},\"inLanguage\":\"hr\",\"potentialAction\":[{\"@type\":\"ReadAction\",\"target\":[\"https:\/\/www.pull-over-dubrovnik.com\/hr\/izjava-o-privatnosti\/\"]}]},{\"@type\":\"ImageObject\",\"inLanguage\":\"hr\",\"@id\":\"https:\/\/www.pull-over-dubrovnik.com\/hr\/izjava-o-privatnosti\/#primaryimage\",\"url\":\"https:\/\/www.pull-over-dubrovnik.com\/wp-content\/uploads\/2021\/07\/pull-over-dubrovnik-exterior.jpg\",\"contentUrl\":\"https:\/\/www.pull-over-dubrovnik.com\/wp-content\/uploads\/2021\/07\/pull-over-dubrovnik-exterior.jpg\",\"width\":1045,\"height\":1162},{\"@type\":\"BreadcrumbList\",\"@id\":\"https:\/\/www.pull-over-dubrovnik.com\/hr\/izjava-o-privatnosti\/#breadcrumb\",\"itemListElement\":[{\"@type\":\"ListItem\",\"position\":1,\"name\":\"Po\u010detna stranica\",\"item\":\"https:\/\/www.pull-over-dubrovnik.com\/hr\/\"},{\"@type\":\"ListItem\",\"position\":2,\"name\":\"Izjava o privatnosti\"}]},{\"@type\":\"WebSite\",\"@id\":\"https:\/\/www.pull-over-dubrovnik.com\/hr\/#website\",\"url\":\"https:\/\/www.pull-over-dubrovnik.com\/hr\/\",\"name\":\"Pull Over\",\"description\":\"Samo jo\u0161 jedna WordPress web-stranica\",\"potentialAction\":[{\"@type\":\"SearchAction\",\"target\":{\"@type\":\"EntryPoint\",\"urlTemplate\":\"https:\/\/www.pull-over-dubrovnik.com\/hr\/?s={search_term_string}\"},\"query-input\":\"required name=search_term_string\"}],\"inLanguage\":\"hr\"}]}<\/script>\n<!-- \/ Yoast SEO plugin. -->","yoast_head_json":{"title":"Izjava o privatnosti - Pull Over","robots":{"index":"index","follow":"follow","max-snippet":"max-snippet:-1","max-image-preview":"max-image-preview:large","max-video-preview":"max-video-preview:-1"},"canonical":"https:\/\/www.pull-over-dubrovnik.com\/hr\/izjava-o-privatnosti\/","og_locale":"hr_HR","og_type":"article","og_title":"Izjava o privatnosti - Pull Over","og_description":"Izjava o privatnosti Pull Over (\u201emi\u201c, \u201emi\u201c ili \u201ena\u0161\u201c) upravlja web stranicom https:\/\/www.pull-over-dubrovnik.com\/ (\u201eusluga\u201c). Ova vas web stranica informira o na\u0161im pravilima u vezi sa prikupljanjem, kori\u0161tenjem i otkrivanjem osobnih podataka prilikom kori\u0161tenja na\u0161e usluge i izborima povezanim s tim informacijama. Va\u0161e podatke koristimo za...","og_url":"https:\/\/www.pull-over-dubrovnik.com\/hr\/izjava-o-privatnosti\/","og_site_name":"Pull Over","article_modified_time":"2021-07-05T13:08:32+00:00","og_image":[{"width":1045,"height":1162,"url":"https:\/\/www.pull-over-dubrovnik.com\/wp-content\/uploads\/2021\/07\/pull-over-dubrovnik-exterior.jpg","type":"image\/jpeg"}],"twitter_card":"summary_large_image","twitter_misc":{"Procijenjeno vrijeme \u010ditanja":"5 minuta"},"schema":{"@context":"https:\/\/schema.org","@graph":[{"@type":"WebPage","@id":"https:\/\/www.pull-over-dubrovnik.com\/hr\/izjava-o-privatnosti\/","url":"https:\/\/www.pull-over-dubrovnik.com\/hr\/izjava-o-privatnosti\/","name":"Izjava o privatnosti - Pull Over","isPartOf":{"@id":"https:\/\/www.pull-over-dubrovnik.com\/hr\/#website"},"primaryImageOfPage":{"@id":"https:\/\/www.pull-over-dubrovnik.com\/hr\/izjava-o-privatnosti\/#primaryimage"},"image":{"@id":"https:\/\/www.pull-over-dubrovnik.com\/hr\/izjava-o-privatnosti\/#primaryimage"},"thumbnailUrl":"https:\/\/www.pull-over-dubrovnik.com\/wp-content\/uploads\/2021\/07\/pull-over-dubrovnik-exterior.jpg","datePublished":"2021-07-05T12:40:05+00:00","dateModified":"2021-07-05T13:08:32+00:00","breadcrumb":{"@id":"https:\/\/www.pull-over-dubrovnik.com\/hr\/izjava-o-privatnosti\/#breadcrumb"},"inLanguage":"hr","potentialAction":[{"@type":"ReadAction","target":["https:\/\/www.pull-over-dubrovnik.com\/hr\/izjava-o-privatnosti\/"]}]},{"@type":"ImageObject","inLanguage":"hr","@id":"https:\/\/www.pull-over-dubrovnik.com\/hr\/izjava-o-privatnosti\/#primaryimage","url":"https:\/\/www.pull-over-dubrovnik.com\/wp-content\/uploads\/2021\/07\/pull-over-dubrovnik-exterior.jpg","contentUrl":"https:\/\/www.pull-over-dubrovnik.com\/wp-content\/uploads\/2021\/07\/pull-over-dubrovnik-exterior.jpg","width":1045,"height":1162},{"@type":"BreadcrumbList","@id":"https:\/\/www.pull-over-dubrovnik.com\/hr\/izjava-o-privatnosti\/#breadcrumb","itemListElement":[{"@type":"ListItem","position":1,"name":"Po\u010detna stranica","item":"https:\/\/www.pull-over-dubrovnik.com\/hr\/"},{"@type":"ListItem","position":2,"name":"Izjava o privatnosti"}]},{"@type":"WebSite","@id":"https:\/\/www.pull-over-dubrovnik.com\/hr\/#website","url":"https:\/\/www.pull-over-dubrovnik.com\/hr\/","name":"Pull Over","description":"Samo jo\u0161 jedna WordPress web-stranica","potentialAction":[{"@type":"SearchAction","target":{"@type":"EntryPoint","urlTemplate":"https:\/\/www.pull-over-dubrovnik.com\/hr\/?s={search_term_string}"},"query-input":"required name=search_term_string"}],"inLanguage":"hr"}]}},"_links":{"self":[{"href":"https:\/\/www.pull-over-dubrovnik.com\/hr\/wp-json\/wp\/v2\/pages\/1158","targetHints":{"allow":["GET"]}}],"collection":[{"href":"https:\/\/www.pull-over-dubrovnik.com\/hr\/wp-json\/wp\/v2\/pages"}],"about":[{"href":"https:\/\/www.pull-over-dubrovnik.com\/hr\/wp-json\/wp\/v2\/types\/page"}],"author":[{"embeddable":true,"href":"https:\/\/www.pull-over-dubrovnik.com\/hr\/wp-json\/wp\/v2\/users\/1"}],"replies":[{"embeddable":true,"href":"https:\/\/www.pull-over-dubrovnik.com\/hr\/wp-json\/wp\/v2\/comments?post=1158"}],"version-history":[{"count":7,"href":"https:\/\/www.pull-over-dubrovnik.com\/hr\/wp-json\/wp\/v2\/pages\/1158\/revisions"}],"predecessor-version":[{"id":1178,"href":"https:\/\/www.pull-over-dubrovnik.com\/hr\/wp-json\/wp\/v2\/pages\/1158\/revisions\/1178"}],"wp:featuredmedia":[{"embeddable":true,"href":"https:\/\/www.pull-over-dubrovnik.com\/hr\/wp-json\/wp\/v2\/media\/1067"}],"wp:attachment":[{"href":"https:\/\/www.pull-over-dubrovnik.com\/hr\/wp-json\/wp\/v2\/media?parent=1158"}],"curies":[{"name":"wp","href":"https:\/\/api.w.org\/{rel}","templated":true}]}}